{"id":1707,"date":"2021-04-10T08:33:57","date_gmt":"2021-04-10T08:33:57","guid":{"rendered":"https:\/\/the7.io\/winery\/?post_type=product&#038;p=1707"},"modified":"2025-11-19T12:25:29","modified_gmt":"2025-11-19T12:25:29","slug":"limoni","status":"publish","type":"product","link":"https:\/\/dallamiaterra.it\/?product=limoni","title":{"rendered":"Limoni (10 Kg)"},"content":{"rendered":"\t\t<div data-elementor-type=\"product-post\" data-elementor-id=\"1707\" class=\"elementor elementor-1707\" data-elementor-post-type=\"product\">\n\t\t\t\t\t\t<section class=\"elementor-section elementor-top-section elementor-element elementor-element-0e26cd7 elementor-section-boxed elementor-section-height-default elementor-section-height-default\" data-id=\"0e26cd7\" data-element_type=\"section\" data-settings=\"{&quot;ekit_has_onepagescroll_dot&quot;:&quot;yes&quot;}\">\n\t\t\t\t\t\t<div class=\"elementor-container elementor-column-gap-wide\">\n\t\t\t\t\t<div class=\"elementor-column elementor-col-100 elementor-top-column elementor-element elementor-element-8df290c\" data-id=\"8df290c\" data-element_type=\"column\">\n\t\t\t<div class=\"elementor-widget-wrap elementor-element-populated\">\n\t\t\t\t\t\t<div class=\"elementor-element elementor-element-a5b5f64 elementor-widget elementor-widget-heading\" data-id=\"a5b5f64\" data-element_type=\"widget\" data-settings=\"{&quot;ekit_we_effect_on&quot;:&quot;none&quot;}\" data-widget_type=\"heading.default\">\n\t\t\t\t<div class=\"elementor-widget-container\">\n\t\t\t\t\t<h5 class=\"elementor-heading-title elementor-size-default\">Versatili per rendere speciali bevande e cibi\u2026<\/h5>\t\t\t\t<\/div>\n\t\t\t\t<\/div>\n\t\t\t\t<div class=\"elementor-element elementor-element-1d61801 elementor-widget elementor-widget-text-editor\" data-id=\"1d61801\" data-element_type=\"widget\" data-settings=\"{&quot;ekit_we_effect_on&quot;:&quot;none&quot;}\" data-widget_type=\"text-editor.default\">\n\t\t\t\t<div class=\"elementor-widget-container\">\n\t\t\t\t\t\t\t\t\t<p>I limoni sono agrumi ampiamente conosciuti e apprezzati in tutto il mondo per il loro sapore caratteristico, la versatilit\u00e0 in cucina e i numerosi benefici nutrizionali. Questi frutti appartengono alla specie <em>Citrus limon<\/em> e sono coltivati in diverse regioni, con una particolare notoriet\u00e0 nei paesi del Mediterraneo. I limoni si caratterizzano per la buccia di un vivace colore giallo, spessa e rugosa, che varia in tonalit\u00e0 da un giallo pallido a un giallo intenso. Hanno una <b>forma<\/b> ovale o ellittica, con un\u2019estremit\u00e0 appuntita e l&#8217;altra pi\u00f9 arrotondata. La <b>polpa<\/b> \u00e8 di un giallo chiaro, succosa e divisa in spicchi, ognuno contenente piccole sacche di succo. Il <b>sapore<\/b> \u00e8 fortemente acido e rinfrescante, con una leggera nota di dolcezza, che li rende ideali per l&#8217;uso in bevande, salse, dolci e piatti salati.<\/p>\t\t\t\t\t\t\t\t<\/div>\n\t\t\t\t<\/div>\n\t\t\t\t<div class=\"elementor-element elementor-element-3762b73 elementor-widget elementor-widget-spacer\" data-id=\"3762b73\" data-element_type=\"widget\" data-settings=\"{&quot;ekit_we_effect_on&quot;:&quot;none&quot;}\" data-widget_type=\"spacer.default\">\n\t\t\t\t<div class=\"elementor-widget-container\">\n\t\t\t\t\t\t\t<div class=\"elementor-spacer\">\n\t\t\t<div class=\"elementor-spacer-inner\"><\/div>\n\t\t<\/div>\n\t\t\t\t\t\t<\/div>\n\t\t\t\t<\/div>\n\t\t\t\t<div class=\"elementor-element elementor-element-eaade38 elementor-widget elementor-widget-heading\" data-id=\"eaade38\" data-element_type=\"widget\" data-settings=\"{&quot;ekit_we_effect_on&quot;:&quot;none&quot;}\" data-widget_type=\"heading.default\">\n\t\t\t\t<div class=\"elementor-widget-container\">\n\t\t\t\t\t<h5 class=\"elementor-heading-title elementor-size-default\">Il Limone si presenta con:<\/h5>\t\t\t\t<\/div>\n\t\t\t\t<\/div>\n\t\t\t\t<div class=\"elementor-element elementor-element-d3e8e4c elementor-widget elementor-widget-text-editor\" data-id=\"d3e8e4c\" data-element_type=\"widget\" data-settings=\"{&quot;ekit_we_effect_on&quot;:&quot;none&quot;}\" data-widget_type=\"text-editor.default\">\n\t\t\t\t<div class=\"elementor-widget-container\">\n\t\t\t\t\t\t\t\t\t<ul><li>Colore della buccia\u00a0giallo citrino<\/li><li>Superficie\u00a0papillata<\/li><li>Forma\u00a0ellittica<\/li><li>Peso medio del singolo frutto: 200-220 g<\/li><li>Spessore della buccia\u00a0medio<\/li><li>Colore polpa\u00a0giallo citrino<\/li><li>Resa in succo\u00a0media<\/li><li>Semi\u00a0numerosi<\/li><\/ul>\t\t\t\t\t\t\t\t<\/div>\n\t\t\t\t<\/div>\n\t\t\t\t<div class=\"elementor-element elementor-element-5871d3a elementor-widget elementor-widget-spacer\" data-id=\"5871d3a\" data-element_type=\"widget\" data-settings=\"{&quot;ekit_we_effect_on&quot;:&quot;none&quot;}\" data-widget_type=\"spacer.default\">\n\t\t\t\t<div class=\"elementor-widget-container\">\n\t\t\t\t\t\t\t<div class=\"elementor-spacer\">\n\t\t\t<div class=\"elementor-spacer-inner\"><\/div>\n\t\t<\/div>\n\t\t\t\t\t\t<\/div>\n\t\t\t\t<\/div>\n\t\t\t\t<div class=\"elementor-element elementor-element-5f9f0ba elementor-widget elementor-widget-heading\" data-id=\"5f9f0ba\" data-element_type=\"widget\" data-settings=\"{&quot;ekit_we_effect_on&quot;:&quot;none&quot;}\" data-widget_type=\"heading.default\">\n\t\t\t\t<div class=\"elementor-widget-container\">\n\t\t\t\t\t<h5 class=\"elementor-heading-title elementor-size-default\">Caratteristiche nutrizionali<\/h5>\t\t\t\t<\/div>\n\t\t\t\t<\/div>\n\t\t\t\t<div class=\"elementor-element elementor-element-9745105 elementor-widget elementor-widget-text-editor\" data-id=\"9745105\" data-element_type=\"widget\" data-settings=\"{&quot;ekit_we_effect_on&quot;:&quot;none&quot;}\" data-widget_type=\"text-editor.default\">\n\t\t\t\t<div class=\"elementor-widget-container\">\n\t\t\t\t\t\t\t\t\t<ul>\n<li>Sodio&nbsp;(mg): 2<\/li>\n<li>Potassio&nbsp;(mg): 140&nbsp;&nbsp;&nbsp;<\/li>\n<li>Calcio&nbsp;(mg): 14 &nbsp;&nbsp;&nbsp;&nbsp;&nbsp;<\/li>\n<li>Fosforo&nbsp;(mg): 11<\/li>\n<li>Ferro&nbsp;(mg):&nbsp;0.1<\/li>\n<li>Tiamina&nbsp;(mg): 0.04<\/li>\n<li>Riboflavina&nbsp;(mg): 0.01<\/li>\n<li>Niacina&nbsp;(mg): 0.3<\/li>\n<li>Vitamina C&nbsp;(mg): 50<\/li>\n<li>Vitamina A&nbsp;retinolo equivalente (\u03bcg): 0<\/li>\n<\/ul>\t\t\t\t\t\t\t\t<\/div>\n\t\t\t\t<\/div>\n\t\t\t\t\t<\/div>\n\t\t<\/div>\n\t\t\t\t\t<\/div>\n\t\t<\/section>\n\t\t\t\t<\/div>\n\t\t","protected":false},"excerpt":{"rendered":"<p>I limoni sono agrumi ampiamente conosciuti e apprezzati in tutto il mondo per il loro sapore caratteristico, la versatilit\u00e0 in cucina e i numerosi benefici nutrizionali. Questi frutti appartengono alla specie <em>Citrus limon<\/em> e sono coltivati in diverse regioni, con una particolare notoriet\u00e0 nei paesi del Mediterraneo. I limoni si caratterizzano per la buccia di un vivace colore giallo, spessa e rugosa, che varia in tonalit\u00e0 da un giallo pallido a un giallo intenso. Hanno una <strong>forma<\/strong> ovale o ellittica, con un\u2019estremit\u00e0 appuntita e l&#8217;altra pi\u00f9 arrotondata. La polpa \u00e8 di un giallo chiaro, succosa e divisa in spicchi, ognuno contenente piccole sacche di succo. Il <strong>sapore<\/strong> \u00e8 fortemente acido e rinfrescante, con una leggera nota di dolcezza, che li rende ideali per l&#8217;uso in bevande, salse, dolci e piatti salati.<\/p>\n","protected":false},"featured_media":3426,"template":"","meta":[],"product_brand":[],"product_cat":[26],"product_tag":[],"class_list":{"0":"post-1707","1":"product","2":"type-product","3":"status-publish","4":"has-post-thumbnail","6":"product_cat-agrumi","7":"product_shipping_class-scatola-10-kg","9":"first","10":"instock","11":"shipping-taxable","12":"purchasable","13":"product-type-simple"},"yoast_head":"<!-- This site is optimized with the Yoast SEO Premium plugin v23.7 (Yoast SEO v26.7) - https:\/\/yoast.com\/wordpress\/plugins\/seo\/ -->\n<title>Limoni (10 Kg) - Dalla mia terra<\/title>\n<meta name=\"robots\" content=\"index, follow, max-snippet:-1, max-image-preview:large, max-video-preview:-1\" \/>\n<link rel=\"canonical\" href=\"https:\/\/dallamiaterra.it\/?product=limoni\" \/>\n<meta property=\"og:locale\" content=\"it_IT\" \/>\n<meta property=\"og:type\" content=\"article\" \/>\n<meta property=\"og:title\" content=\"Limoni (10 Kg)\" \/>\n<meta property=\"og:description\" content=\"I limoni sono agrumi ampiamente conosciuti e apprezzati in tutto il mondo per il loro sapore caratteristico, la versatilit\u00e0 in cucina e i numerosi benefici nutrizionali. Questi frutti appartengono alla specie Citrus limon e sono coltivati in diverse regioni, con una particolare notoriet\u00e0 nei paesi del Mediterraneo. I limoni si caratterizzano per la buccia di un vivace colore giallo, spessa e rugosa, che varia in tonalit\u00e0 da un giallo pallido a un giallo intenso. Hanno una forma ovale o ellittica, con un\u2019estremit\u00e0 appuntita e l&#039;altra pi\u00f9 arrotondata. La polpa \u00e8 di un giallo chiaro, succosa e divisa in spicchi, ognuno contenente piccole sacche di succo. Il sapore \u00e8 fortemente acido e rinfrescante, con una leggera nota di dolcezza, che li rende ideali per l&#039;uso in bevande, salse, dolci e piatti salati.\" \/>\n<meta property=\"og:url\" content=\"https:\/\/dallamiaterra.it\/?product=limoni\" \/>\n<meta property=\"og:site_name\" content=\"Dalla mia terra\" \/>\n<meta property=\"article:modified_time\" content=\"2025-11-19T12:25:29+00:00\" \/>\n<meta property=\"og:image\" content=\"https:\/\/dallamiaterra.it\/wp-content\/uploads\/2021\/04\/Limoni-1500x1500-1.jpg\" \/>\n\t<meta property=\"og:image:width\" content=\"1500\" \/>\n\t<meta property=\"og:image:height\" content=\"1500\" \/>\n\t<meta property=\"og:image:type\" content=\"image\/jpeg\" \/>\n<meta name=\"twitter:card\" content=\"summary_large_image\" \/>\n<meta name=\"twitter:label1\" content=\"Prezzo\" \/>\n\t<meta name=\"twitter:data1\" content=\"25,00&nbsp;&euro;\" \/>\n\t<meta name=\"twitter:label2\" content=\"Disponibilit\u00e0\" \/>\n\t<meta name=\"twitter:data2\" content=\"In stock\" \/>\n<script type=\"application\/ld+json\" class=\"yoast-schema-graph\">{\"@context\":\"https:\/\/schema.org\",\"@graph\":[{\"@type\":\"WebPage\",\"@id\":\"https:\/\/dallamiaterra.it\/?product=limoni\",\"url\":\"https:\/\/dallamiaterra.it\/?product=limoni\",\"name\":\"Limoni (10 Kg) - Dalla mia terra\",\"isPartOf\":{\"@id\":\"https:\/\/dallamiaterra.it\/#website\"},\"primaryImageOfPage\":{\"@id\":\"https:\/\/dallamiaterra.it\/?product=limoni#primaryimage\"},\"image\":{\"@id\":\"https:\/\/dallamiaterra.it\/?product=limoni#primaryimage\"},\"thumbnailUrl\":\"https:\/\/dallamiaterra.it\/wp-content\/uploads\/2021\/04\/Limoni-1500x1500-1.jpg\",\"datePublished\":\"2021-04-10T08:33:57+00:00\",\"dateModified\":\"2025-11-19T12:25:29+00:00\",\"breadcrumb\":{\"@id\":\"https:\/\/dallamiaterra.it\/?product=limoni#breadcrumb\"},\"inLanguage\":\"it-IT\",\"potentialAction\":[{\"@type\":\"ReadAction\",\"target\":[\"https:\/\/dallamiaterra.it\/?product=limoni\"]}]},{\"@type\":\"ImageObject\",\"inLanguage\":\"it-IT\",\"@id\":\"https:\/\/dallamiaterra.it\/?product=limoni#primaryimage\",\"url\":\"https:\/\/dallamiaterra.it\/wp-content\/uploads\/2021\/04\/Limoni-1500x1500-1.jpg\",\"contentUrl\":\"https:\/\/dallamiaterra.it\/wp-content\/uploads\/2021\/04\/Limoni-1500x1500-1.jpg\",\"width\":1500,\"height\":1500,\"caption\":\"Fresh lemon isolated on white background\"},{\"@type\":\"BreadcrumbList\",\"@id\":\"https:\/\/dallamiaterra.it\/?product=limoni#breadcrumb\",\"itemListElement\":[{\"@type\":\"ListItem\",\"position\":1,\"name\":\"Home\",\"item\":\"https:\/\/dallamiaterra.it\/\"},{\"@type\":\"ListItem\",\"position\":2,\"name\":\"Shop\",\"item\":\"https:\/\/dallamiaterra.it\/?page_id=874\"},{\"@type\":\"ListItem\",\"position\":3,\"name\":\"Limoni (10 Kg)\"}]},{\"@type\":\"WebSite\",\"@id\":\"https:\/\/dallamiaterra.it\/#website\",\"url\":\"https:\/\/dallamiaterra.it\/\",\"name\":\"Dalla mia terra\",\"description\":\"\",\"publisher\":{\"@id\":\"https:\/\/dallamiaterra.it\/#organization\"},\"potentialAction\":[{\"@type\":\"SearchAction\",\"target\":{\"@type\":\"EntryPoint\",\"urlTemplate\":\"https:\/\/dallamiaterra.it\/?s={search_term_string}\"},\"query-input\":{\"@type\":\"PropertyValueSpecification\",\"valueRequired\":true,\"valueName\":\"search_term_string\"}}],\"inLanguage\":\"it-IT\"},{\"@type\":\"Organization\",\"@id\":\"https:\/\/dallamiaterra.it\/#organization\",\"name\":\"Dalla mia terra\",\"url\":\"https:\/\/dallamiaterra.it\/\",\"logo\":{\"@type\":\"ImageObject\",\"inLanguage\":\"it-IT\",\"@id\":\"https:\/\/dallamiaterra.it\/#\/schema\/logo\/image\/\",\"url\":\"https:\/\/dallamiaterra.it\/wp-content\/uploads\/2024\/10\/Dalla-mia-terra-logo-color-orizz.webp\",\"contentUrl\":\"https:\/\/dallamiaterra.it\/wp-content\/uploads\/2024\/10\/Dalla-mia-terra-logo-color-orizz.webp\",\"width\":1920,\"height\":1002,\"caption\":\"Dalla mia terra\"},\"image\":{\"@id\":\"https:\/\/dallamiaterra.it\/#\/schema\/logo\/image\/\"}}]}<\/script>\n<meta property=\"product:price:amount\" content=\"25.00\" \/>\n<meta property=\"product:price:currency\" content=\"EUR\" \/>\n<meta property=\"og:availability\" content=\"instock\" \/>\n<meta property=\"product:availability\" content=\"instock\" \/>\n<meta property=\"product:retailer_item_id\" content=\"LIM01-K10\" \/>\n<meta property=\"product:condition\" content=\"new\" \/>\n<!-- \/ Yoast SEO Premium plugin. -->","yoast_head_json":{"title":"Limoni (10 Kg) - Dalla mia terra","robots":{"index":"index","follow":"follow","max-snippet":"max-snippet:-1","max-image-preview":"max-image-preview:large","max-video-preview":"max-video-preview:-1"},"canonical":"https:\/\/dallamiaterra.it\/?product=limoni","og_locale":"it_IT","og_type":"article","og_title":"Limoni (10 Kg)","og_description":"I limoni sono agrumi ampiamente conosciuti e apprezzati in tutto il mondo per il loro sapore caratteristico, la versatilit\u00e0 in cucina e i numerosi benefici nutrizionali. Questi frutti appartengono alla specie Citrus limon e sono coltivati in diverse regioni, con una particolare notoriet\u00e0 nei paesi del Mediterraneo. I limoni si caratterizzano per la buccia di un vivace colore giallo, spessa e rugosa, che varia in tonalit\u00e0 da un giallo pallido a un giallo intenso. Hanno una forma ovale o ellittica, con un\u2019estremit\u00e0 appuntita e l'altra pi\u00f9 arrotondata. La polpa \u00e8 di un giallo chiaro, succosa e divisa in spicchi, ognuno contenente piccole sacche di succo. Il sapore \u00e8 fortemente acido e rinfrescante, con una leggera nota di dolcezza, che li rende ideali per l'uso in bevande, salse, dolci e piatti salati.","og_url":"https:\/\/dallamiaterra.it\/?product=limoni","og_site_name":"Dalla mia terra","article_modified_time":"2025-11-19T12:25:29+00:00","og_image":[{"width":1500,"height":1500,"url":"https:\/\/dallamiaterra.it\/wp-content\/uploads\/2021\/04\/Limoni-1500x1500-1.jpg","type":"image\/jpeg"}],"twitter_card":"summary_large_image","twitter_misc":{"Prezzo":"25,00&nbsp;&euro;","Disponibilit\u00e0":"In stock"},"schema":{"@context":"https:\/\/schema.org","@graph":[{"@type":"WebPage","@id":"https:\/\/dallamiaterra.it\/?product=limoni","url":"https:\/\/dallamiaterra.it\/?product=limoni","name":"Limoni (10 Kg) - Dalla mia terra","isPartOf":{"@id":"https:\/\/dallamiaterra.it\/#website"},"primaryImageOfPage":{"@id":"https:\/\/dallamiaterra.it\/?product=limoni#primaryimage"},"image":{"@id":"https:\/\/dallamiaterra.it\/?product=limoni#primaryimage"},"thumbnailUrl":"https:\/\/dallamiaterra.it\/wp-content\/uploads\/2021\/04\/Limoni-1500x1500-1.jpg","datePublished":"2021-04-10T08:33:57+00:00","dateModified":"2025-11-19T12:25:29+00:00","breadcrumb":{"@id":"https:\/\/dallamiaterra.it\/?product=limoni#breadcrumb"},"inLanguage":"it-IT","potentialAction":[{"@type":"ReadAction","target":["https:\/\/dallamiaterra.it\/?product=limoni"]}]},{"@type":"ImageObject","inLanguage":"it-IT","@id":"https:\/\/dallamiaterra.it\/?product=limoni#primaryimage","url":"https:\/\/dallamiaterra.it\/wp-content\/uploads\/2021\/04\/Limoni-1500x1500-1.jpg","contentUrl":"https:\/\/dallamiaterra.it\/wp-content\/uploads\/2021\/04\/Limoni-1500x1500-1.jpg","width":1500,"height":1500,"caption":"Fresh lemon isolated on white background"},{"@type":"BreadcrumbList","@id":"https:\/\/dallamiaterra.it\/?product=limoni#breadcrumb","itemListElement":[{"@type":"ListItem","position":1,"name":"Home","item":"https:\/\/dallamiaterra.it\/"},{"@type":"ListItem","position":2,"name":"Shop","item":"https:\/\/dallamiaterra.it\/?page_id=874"},{"@type":"ListItem","position":3,"name":"Limoni (10 Kg)"}]},{"@type":"WebSite","@id":"https:\/\/dallamiaterra.it\/#website","url":"https:\/\/dallamiaterra.it\/","name":"Dalla mia terra","description":"","publisher":{"@id":"https:\/\/dallamiaterra.it\/#organization"},"potentialAction":[{"@type":"SearchAction","target":{"@type":"EntryPoint","urlTemplate":"https:\/\/dallamiaterra.it\/?s={search_term_string}"},"query-input":{"@type":"PropertyValueSpecification","valueRequired":true,"valueName":"search_term_string"}}],"inLanguage":"it-IT"},{"@type":"Organization","@id":"https:\/\/dallamiaterra.it\/#organization","name":"Dalla mia terra","url":"https:\/\/dallamiaterra.it\/","logo":{"@type":"ImageObject","inLanguage":"it-IT","@id":"https:\/\/dallamiaterra.it\/#\/schema\/logo\/image\/","url":"https:\/\/dallamiaterra.it\/wp-content\/uploads\/2024\/10\/Dalla-mia-terra-logo-color-orizz.webp","contentUrl":"https:\/\/dallamiaterra.it\/wp-content\/uploads\/2024\/10\/Dalla-mia-terra-logo-color-orizz.webp","width":1920,"height":1002,"caption":"Dalla mia terra"},"image":{"@id":"https:\/\/dallamiaterra.it\/#\/schema\/logo\/image\/"}}]},"product_price_amount":"25.00","product_price_currency":"EUR","og_availability":"instock","product_availability":"instock","product_retailer_item_id":"LIM01-K10","product_condition":"new"},"_links":{"self":[{"href":"https:\/\/dallamiaterra.it\/index.php?rest_route=\/wp\/v2\/product\/1707","targetHints":{"allow":["GET"]}}],"collection":[{"href":"https:\/\/dallamiaterra.it\/index.php?rest_route=\/wp\/v2\/product"}],"about":[{"href":"https:\/\/dallamiaterra.it\/index.php?rest_route=\/wp\/v2\/types\/product"}],"version-history":[{"count":12,"href":"https:\/\/dallamiaterra.it\/index.php?rest_route=\/wp\/v2\/product\/1707\/revisions"}],"predecessor-version":[{"id":4261,"href":"https:\/\/dallamiaterra.it\/index.php?rest_route=\/wp\/v2\/product\/1707\/revisions\/4261"}],"wp:featuredmedia":[{"embeddable":true,"href":"https:\/\/dallamiaterra.it\/index.php?rest_route=\/wp\/v2\/media\/3426"}],"wp:attachment":[{"href":"https:\/\/dallamiaterra.it\/index.php?rest_route=%2Fwp%2Fv2%2Fmedia&parent=1707"}],"wp:term":[{"taxonomy":"product_brand","embeddable":true,"href":"https:\/\/dallamiaterra.it\/index.php?rest_route=%2Fwp%2Fv2%2Fproduct_brand&post=1707"},{"taxonomy":"product_cat","embeddable":true,"href":"https:\/\/dallamiaterra.it\/index.php?rest_route=%2Fwp%2Fv2%2Fproduct_cat&post=1707"},{"taxonomy":"product_tag","embeddable":true,"href":"https:\/\/dallamiaterra.it\/index.php?rest_route=%2Fwp%2Fv2%2Fproduct_tag&post=1707"}],"curies":[{"name":"wp","href":"https:\/\/api.w.org\/{rel}","templated":true}]}}